{"id":57,"date":"2025-06-17T01:07:33","date_gmt":"2025-06-16T23:07:33","guid":{"rendered":"https:\/\/jesusaleon.com\/?page_id=57"},"modified":"2025-08-24T12:15:29","modified_gmt":"2025-08-24T10:15:29","slug":"inicio","status":"publish","type":"page","link":"https:\/\/jesusaleon.com\/","title":{"rendered":"Inicio"},"content":{"rendered":"\t\t<div data-elementor-type=\"wp-page\" data-elementor-id=\"57\" class=\"elementor elementor-57\" data-elementor-settings=\"{&quot;ha_cmc_init_switcher&quot;:&quot;no&quot;}\">\n\t\t\t\t<div class=\"elementor-element elementor-element-3e7072d e-flex e-con-boxed jltma-glass-effect-no wpr-particle-no wpr-jarallax-no wpr-parallax-no wpr-sticky-section-no wpr-equal-height-no e-con e-parent\" data-id=\"3e7072d\" data-element_type=\"container\" data-e-type=\"container\" data-settings=\"{&quot;background_background&quot;:&quot;gradient&quot;,&quot;_ha_eqh_enable&quot;:false}\">\n\t\t\t\t\t<div class=\"e-con-inner\">\n\t\t\t\t<div class=\"elementor-element elementor-element-46a23dc jltma-glass-effect-no elementor-widget elementor-widget-spacer\" data-id=\"46a23dc\" data-element_type=\"widget\" data-e-type=\"widget\" data-settings=\"{&quot;htmega_fe&quot;:&quot;no&quot;}\" data-widget_type=\"spacer.default\">\n\t\t\t\t<div class=\"elementor-widget-container\">\n\t\t\t\t\t\t\t<div class=\"elementor-spacer\">\n\t\t\t<div class=\"elementor-spacer-inner\"><\/div>\n\t\t<\/div>\n\t\t\t\t\t\t<\/div>\n\t\t\t\t<\/div>\n\t\t<div class=\"elementor-element elementor-element-46d2811 e-con-full e-flex jltma-glass-effect-no wpr-particle-no wpr-jarallax-no wpr-parallax-no wpr-sticky-section-no wpr-equal-height-no elementor-invisible e-con e-child\" data-id=\"46d2811\" data-element_type=\"container\" data-e-type=\"container\" data-settings=\"{&quot;background_background&quot;:&quot;classic&quot;,&quot;animation&quot;:&quot;rollIn&quot;,&quot;_ha_eqh_enable&quot;:false}\">\n\t\t\t\t<div class=\"elementor-element elementor-element-ffccee1 jltma-glass-effect-no elementor-widget elementor-widget-heading\" data-id=\"ffccee1\" data-element_type=\"widget\" data-e-type=\"widget\" data-settings=\"{&quot;htmega_fe&quot;:&quot;no&quot;}\" data-widget_type=\"heading.default\">\n\t\t\t\t<div class=\"elementor-widget-container\">\n\t\t\t\t\t<h2 class=\"elementor-heading-title elementor-size-default\">\u00a1Bienvenidos a mi sitio web!<\/h2>\t\t\t\t<\/div>\n\t\t\t\t<\/div>\n\t\t\t\t<div class=\"elementor-element elementor-element-fc8d6dd jltma-glass-effect-no elementor-widget elementor-widget-heading\" data-id=\"fc8d6dd\" data-element_type=\"widget\" data-e-type=\"widget\" data-settings=\"{&quot;htmega_fe&quot;:&quot;no&quot;}\" data-widget_type=\"heading.default\">\n\t\t\t\t<div class=\"elementor-widget-container\">\n\t\t\t\t\t<h2 class=\"elementor-heading-title elementor-size-default\">En esta p\u00e1gina vas a ver buena parte de mis habilidades creativas y cuales son los principales servicios que puedo ofrecerte.<\/h2>\t\t\t\t<\/div>\n\t\t\t\t<\/div>\n\t\t\t\t<div class=\"elementor-element elementor-element-0d5f8cf elementor-widget__width-auto elementor-absolute jltma-glass-effect-no elementor-widget elementor-widget-image\" data-id=\"0d5f8cf\" data-element_type=\"widget\" data-e-type=\"widget\" data-settings=\"{&quot;_position&quot;:&quot;absolute&quot;}\" data-widget_type=\"image.default\">\n\t\t\t\t<div class=\"elementor-widget-container\">\n\t\t\t\t\t\t\t\t\t\t\t\t\t\t\t<img decoding=\"async\" src=\"https:\/\/jesusaleon.com\/wp-content\/uploads\/elementor\/thumbs\/mi-foto-3-r813jfhh705vydbu5c3cgn7movr40s98utwptedkp4.jpg\" title=\"mi foto\" alt=\"mi foto\" class=\"elementor-animation-grow\" loading=\"lazy\" \/>\t\t\t\t\t\t\t\t\t\t\t\t\t\t\t<\/div>\n\t\t\t\t<\/div>\n\t\t\t\t<\/div>\n\t\t\t\t\t<\/div>\n\t\t\t\t<\/div>\n\t\t<div class=\"elementor-element elementor-element-2cbfd31 e-con-full e-flex jltma-glass-effect-no wpr-particle-no wpr-jarallax-no wpr-parallax-no wpr-sticky-section-no wpr-equal-height-no elementor-invisible e-con e-parent\" data-id=\"2cbfd31\" data-element_type=\"container\" data-e-type=\"container\" data-settings=\"{&quot;background_background&quot;:&quot;classic&quot;,&quot;animation&quot;:&quot;fadeInUp&quot;,&quot;_ha_eqh_enable&quot;:false}\">\n\t\t\t\t<\/div>\n\t\t<div class=\"elementor-element elementor-element-49ffdf9 e-flex e-con-boxed jltma-glass-effect-no wpr-particle-no wpr-jarallax-no wpr-parallax-no wpr-sticky-section-no wpr-equal-height-no e-con e-parent\" data-id=\"49ffdf9\" data-element_type=\"container\" data-e-type=\"container\" data-settings=\"{&quot;background_background&quot;:&quot;classic&quot;,&quot;_ha_eqh_enable&quot;:false}\">\n\t\t\t\t\t<div class=\"e-con-inner\">\n\t\t\t\t<div class=\"elementor-element elementor-element-f5f918e elementor-widget-divider--view-line jltma-glass-effect-no elementor-widget elementor-widget-divider\" data-id=\"f5f918e\" data-element_type=\"widget\" data-e-type=\"widget\" data-settings=\"{&quot;htmega_fe&quot;:&quot;no&quot;}\" data-widget_type=\"divider.default\">\n\t\t\t\t<div class=\"elementor-widget-container\">\n\t\t\t\t\t\t\t<div class=\"elementor-divider\">\n\t\t\t<span class=\"elementor-divider-separator\">\n\t\t\t\t\t\t<\/span>\n\t\t<\/div>\n\t\t\t\t\t\t<\/div>\n\t\t\t\t<\/div>\n\t\t\t\t\t<\/div>\n\t\t\t\t<\/div>\n\t\t<div class=\"elementor-element elementor-element-80a45bb e-flex e-con-boxed jltma-glass-effect-no wpr-particle-no wpr-jarallax-no wpr-parallax-no wpr-sticky-section-no wpr-equal-height-no elementor-invisible e-con e-parent\" data-id=\"80a45bb\" data-element_type=\"container\" data-e-type=\"container\" data-settings=\"{&quot;animation&quot;:&quot;fadeInDown&quot;,&quot;_ha_eqh_enable&quot;:false}\">\n\t\t\t\t\t<div class=\"e-con-inner\">\n\t\t\t\t<div class=\"elementor-element elementor-element-5ef680c jltma-glass-effect-no elementor-widget elementor-widget-spacer\" data-id=\"5ef680c\" data-element_type=\"widget\" data-e-type=\"widget\" data-settings=\"{&quot;htmega_fe&quot;:&quot;no&quot;}\" data-widget_type=\"spacer.default\">\n\t\t\t\t<div class=\"elementor-widget-container\">\n\t\t\t\t\t\t\t<div class=\"elementor-spacer\">\n\t\t\t<div class=\"elementor-spacer-inner\"><\/div>\n\t\t<\/div>\n\t\t\t\t\t\t<\/div>\n\t\t\t\t<\/div>\n\t\t\t\t<div class=\"elementor-element elementor-element-aba6e95 jltma-glass-effect-no ha-has-bg-overlay elementor-widget elementor-widget-heading\" data-id=\"aba6e95\" data-element_type=\"widget\" data-e-type=\"widget\" data-settings=\"{&quot;htmega_fe&quot;:&quot;no&quot;}\" data-widget_type=\"heading.default\">\n\t\t\t\t<div class=\"elementor-widget-container\">\n\t\t\t\t\t<h1 class=\"elementor-heading-title elementor-size-default\">Mis Servicios <\/h1>\t\t\t\t<\/div>\n\t\t\t\t<\/div>\n\t\t\t\t\t<\/div>\n\t\t\t\t<\/div>\n\t\t<div class=\"elementor-element elementor-element-9736063 e-flex e-con-boxed jltma-glass-effect-no wpr-particle-no wpr-jarallax-no wpr-parallax-no wpr-sticky-section-no wpr-equal-height-no elementor-invisible e-con e-parent\" data-id=\"9736063\" data-element_type=\"container\" data-e-type=\"container\" data-settings=\"{&quot;background_background&quot;:&quot;classic&quot;,&quot;animation&quot;:&quot;fadeInUp&quot;,&quot;_ha_eqh_enable&quot;:false}\">\n\t\t\t\t\t<div class=\"e-con-inner\">\n\t\t\t\t<div class=\"elementor-element elementor-element-feedbd3 ha-image-accordion-hover ha-image-accordion-horizontal jltma-glass-effect-no elementor-widget elementor-widget-ha-image-accordion happy-addon ha-image-accordion\" data-id=\"feedbd3\" data-element_type=\"widget\" data-e-type=\"widget\" data-settings=\"{&quot;htmega_fe&quot;:&quot;no&quot;}\" data-widget_type=\"ha-image-accordion.default\">\n\t\t\t\t<div class=\"elementor-widget-container\">\n\t\t\t\t\t        <div class=\"ha-image-accordion-wrapper\">\n            <div class=\"ha-ia-container\">\n                <div class=\"ha-ia-gallery-wrap\">\n                                            <div style=\"background-image: url('https:\/\/jesusaleon.com\/wp-content\/uploads\/2025\/06\/Castrillo-1-1.webp');\" class=\"ha-ia-item \">\n                            <div class=\"ha-overlay\">\n                                <div class=\"ha-ia-content-wrapper ha_fadeInUp\">\n                                                                                                            <div class=\"ha-ia-content-icon-title ha-ia-icon-left\">\n                                                                                <span class=\"ha-ia-content-title\">Dibujo e ilustraci\u00f3n<\/span>\n                                    <\/div>\n                                    <div class=\"ha-ia-content-description\">Dibujo e ilustraci\u00f3n tradicional<\/div>                                                                            <a class=\"ha-ia-content-button\" href=\"https:\/\/jesusaleon.com\/?page_id=3094\" target=_blank >\n                                            Saber mas                                        <\/a>\n                                                                    <\/div>\n                            <\/div>\n                        <\/div>\n                                            <div style=\"background-image: url('https:\/\/jesusaleon.com\/wp-content\/uploads\/2025\/06\/Albufera-de-Valencia-scaled-1.jpg');\" class=\"ha-ia-item \">\n                            <div class=\"ha-overlay\">\n                                <div class=\"ha-ia-content-wrapper ha_fadeInUp\">\n                                                                                                            <div class=\"ha-ia-content-icon-title ha-ia-icon-left\">\n                                                                                <span class=\"ha-ia-content-title\">Ilustraci\u00f3n Digital<\/span>\n                                    <\/div>\n                                    <div class=\"ha-ia-content-description\">Dibujo e ilustraci\u00f3n digital<\/div>                                                                            <a class=\"ha-ia-content-button\" href=\"https:\/\/jesusaleon.com\/?page_id=3610\" target=_blank >\n                                            Saber mas                                        <\/a>\n                                                                    <\/div>\n                            <\/div>\n                        <\/div>\n                                            <div style=\"background-image: url('https:\/\/jesusaleon.com\/wp-content\/uploads\/2025\/06\/luna-de-valencia-2.jpg');\" class=\"ha-ia-item \">\n                            <div class=\"ha-overlay\">\n                                <div class=\"ha-ia-content-wrapper ha_fadeInUp\">\n                                                                                                            <div class=\"ha-ia-content-icon-title ha-ia-icon-left\">\n                                                                                <span class=\"ha-ia-content-title\">Retoque Fotogr\u00e1fico<\/span>\n                                    <\/div>\n                                    <div class=\"ha-ia-content-description\">Fotograf\u00eda de viaje, edici\u00f3n y retocado de im\u00e1genes<\/div>                                                                            <a class=\"ha-ia-content-button\" href=\"https:\/\/jesusaleon.com\/?page_id=2642\" target=_blank >\n                                            Saber mas                                        <\/a>\n                                                                    <\/div>\n                            <\/div>\n                        <\/div>\n                                            <div style=\"background-image: url('https:\/\/jesusaleon.com\/wp-content\/uploads\/2025\/06\/hada-alhambra-2.jpg');\" class=\"ha-ia-item \">\n                            <div class=\"ha-overlay\">\n                                <div class=\"ha-ia-content-wrapper ha_fadeInUp\">\n                                                                                                            <div class=\"ha-ia-content-icon-title ha-ia-icon-left\">\n                                                                                <span class=\"ha-ia-content-title\">Fotocomposici\u00f3n<\/span>\n                                    <\/div>\n                                    <div class=\"ha-ia-content-description\">Fotocomposici\u00f3n y fotomontajes creativos <\/div>                                                                            <a class=\"ha-ia-content-button\" href=\"https:\/\/jesusaleon.com\/?page_id=3746\" target=_blank >\n                                            Saber mas                                        <\/a>\n                                                                    <\/div>\n                            <\/div>\n                        <\/div>\n                                            <div style=\"background-image: url('https:\/\/jesusaleon.com\/wp-content\/uploads\/2025\/06\/triptico-zigzag-4-2.jpg');\" class=\"ha-ia-item \">\n                            <div class=\"ha-overlay\">\n                                <div class=\"ha-ia-content-wrapper ha_fadeInUp\">\n                                                                                                            <div class=\"ha-ia-content-icon-title ha-ia-icon-left\">\n                                                                                <span class=\"ha-ia-content-title\">Dise\u00f1o Gr\u00e1fico<\/span>\n                                    <\/div>\n                                    <div class=\"ha-ia-content-description\">Dise\u00f1o de productos gr\u00e1ficos<\/div>                                                                            <a class=\"ha-ia-content-button\" href=\"https:\/\/jesusaleon.com\/?page_id=3795\" target=_blank >\n                                            Saber mas                                        <\/a>\n                                                                    <\/div>\n                            <\/div>\n                        <\/div>\n                                    <\/div>\n            <\/div>\n        <\/div>\n\t\t\t\t<\/div>\n\t\t\t\t<\/div>\n\t\t\t\t\t<\/div>\n\t\t\t\t<\/div>\n\t\t<div class=\"wpr-jarallax elementor-element elementor-element-69af181 wpr-jarallax-yes e-flex e-con-boxed jltma-glass-effect-no wpr-sticky-section-no wpr-equal-height-no e-con e-parent\" speed-data=\"1.4\" bg-image=\"\" bg-image-mobile=\"\" scroll-effect=\"scroll\" data-id=\"69af181\" data-element_type=\"container\" data-e-type=\"container\" data-settings=\"{&quot;background_background&quot;:&quot;classic&quot;,&quot;_ha_eqh_enable&quot;:false}\">\n\t\t\t\t\t<div class=\"e-con-inner\">\n\t\t\t\t<div class=\"elementor-element elementor-element-6c04a8a jltma-glass-effect-no elementor-widget elementor-widget-spacer\" data-id=\"6c04a8a\" data-element_type=\"widget\" data-e-type=\"widget\" data-settings=\"{&quot;htmega_fe&quot;:&quot;no&quot;}\" data-widget_type=\"spacer.default\">\n\t\t\t\t<div class=\"elementor-widget-container\">\n\t\t\t\t\t\t\t<div class=\"elementor-spacer\">\n\t\t\t<div class=\"elementor-spacer-inner\"><\/div>\n\t\t<\/div>\n\t\t\t\t\t\t<\/div>\n\t\t\t\t<\/div>\n\t\t\t\t<div class=\"elementor-element elementor-element-379d5ec elementor-widget__width-initial jltma-glass-effect-no ha-has-bg-overlay elementor-widget elementor-widget-heading\" data-id=\"379d5ec\" data-element_type=\"widget\" data-e-type=\"widget\" data-settings=\"{&quot;htmega_fe&quot;:&quot;no&quot;}\" data-widget_type=\"heading.default\">\n\t\t\t\t<div class=\"elementor-widget-container\">\n\t\t\t\t\t<h1 class=\"elementor-heading-title elementor-size-default\">Algunas de mis habilidades y conocimientos<\/h1>\t\t\t\t<\/div>\n\t\t\t\t<\/div>\n\t\t\t\t<div class=\"elementor-element elementor-element-e3c2641 jltma-glass-effect-no elementor-widget elementor-widget-ha-skills happy-addon ha-skills\" data-id=\"e3c2641\" data-element_type=\"widget\" data-e-type=\"widget\" data-settings=\"{&quot;htmega_fe&quot;:&quot;no&quot;}\" data-widget_type=\"ha-skills.default\">\n\t\t\t\t<div class=\"elementor-widget-container\">\n\t\t\t\t\t            <div class=\"ha-skill ha-skill--inside elementor-repeater-item-e6a2a28\">\n                <div class=\"ha-skill-level\" data-level=\"97\">\n                    <div class=\"ha-skill-info\"><span class=\"ha-skill-name\">Design<\/span><span class=\"ha-skill-level-text\"><\/span><\/div>\n                <\/div>\n            <\/div>\n                        <div class=\"ha-skill ha-skill--inside elementor-repeater-item-94b0cb2\">\n                <div class=\"ha-skill-level\" data-level=\"88\">\n                    <div class=\"ha-skill-info\"><span class=\"ha-skill-name\">UX<\/span><span class=\"ha-skill-level-text\"><\/span><\/div>\n                <\/div>\n            <\/div>\n                        <div class=\"ha-skill ha-skill--inside elementor-repeater-item-b8f3e19\">\n                <div class=\"ha-skill-level\" data-level=\"92\">\n                    <div class=\"ha-skill-info\"><span class=\"ha-skill-name\">Coding<\/span><span class=\"ha-skill-level-text\"><\/span><\/div>\n                <\/div>\n            <\/div>\n                        <div class=\"ha-skill ha-skill--inside elementor-repeater-item-456950d\">\n                <div class=\"ha-skill-level\" data-level=\"95\">\n                    <div class=\"ha-skill-info\"><span class=\"ha-skill-name\">Speed<\/span><span class=\"ha-skill-level-text\"><\/span><\/div>\n                <\/div>\n            <\/div>\n                        <div class=\"ha-skill ha-skill--inside elementor-repeater-item-f2cede1\">\n                <div class=\"ha-skill-level\" data-level=\"100\">\n                    <div class=\"ha-skill-info\"><span class=\"ha-skill-name\">Passion<\/span><span class=\"ha-skill-level-text\"><\/span><\/div>\n                <\/div>\n            <\/div>\n            \t\t\t\t<\/div>\n\t\t\t\t<\/div>\n\t\t\t\t<div class=\"elementor-element elementor-element-353254b jltma-glass-effect-no elementor-widget elementor-widget-spacer\" data-id=\"353254b\" data-element_type=\"widget\" data-e-type=\"widget\" data-settings=\"{&quot;htmega_fe&quot;:&quot;no&quot;}\" data-widget_type=\"spacer.default\">\n\t\t\t\t<div class=\"elementor-widget-container\">\n\t\t\t\t\t\t\t<div class=\"elementor-spacer\">\n\t\t\t<div class=\"elementor-spacer-inner\"><\/div>\n\t\t<\/div>\n\t\t\t\t\t\t<\/div>\n\t\t\t\t<\/div>\n\t\t\t\t\t<\/div>\n\t\t\t\t<\/div>\n\t\t\t\t<\/div>\n\t\t","protected":false},"excerpt":{"rendered":"<p>\u00a1Bienvenidos a mi sitio web! En esta p\u00e1gina vas a ver buena parte de mis habilidades creativas y cuales son los principales servicios que puedo ofrecerte. Mis Servicios Dibujo e ilustraci\u00f3n Dibujo e ilustraci\u00f3n tradicional Saber mas Ilustraci\u00f3n Digital Dibujo e ilustraci\u00f3n digital Saber mas Retoque Fotogr\u00e1fico Fotograf\u00eda de viaje, edici\u00f3n y retocado de im\u00e1genes Saber mas Fotocomposici\u00f3n Fotocomposici\u00f3n y fotomontajes creativos Saber mas Dise\u00f1o Gr\u00e1fico Dise\u00f1o de productos gr\u00e1ficos Saber mas Algunas de mis habilidades y conocimientos Design UX Coding Speed Passion<\/p>\n","protected":false},"author":1,"featured_media":0,"parent":0,"menu_order":0,"comment_status":"closed","ping_status":"closed","template":"elementor_header_footer","meta":{"_eb_attr":"","footnotes":""},"class_list":["post-57","page","type-page","status-publish","hentry"],"_links":{"self":[{"href":"https:\/\/jesusaleon.com\/index.php?rest_route=\/wp\/v2\/pages\/57","targetHints":{"allow":["GET"]}}],"collection":[{"href":"https:\/\/jesusaleon.com\/index.php?rest_route=\/wp\/v2\/pages"}],"about":[{"href":"https:\/\/jesusaleon.com\/index.php?rest_route=\/wp\/v2\/types\/page"}],"author":[{"embeddable":true,"href":"https:\/\/jesusaleon.com\/index.php?rest_route=\/wp\/v2\/users\/1"}],"replies":[{"embeddable":true,"href":"https:\/\/jesusaleon.com\/index.php?rest_route=%2Fwp%2Fv2%2Fcomments&post=57"}],"version-history":[{"count":87,"href":"https:\/\/jesusaleon.com\/index.php?rest_route=\/wp\/v2\/pages\/57\/revisions"}],"predecessor-version":[{"id":4726,"href":"https:\/\/jesusaleon.com\/index.php?rest_route=\/wp\/v2\/pages\/57\/revisions\/4726"}],"wp:attachment":[{"href":"https:\/\/jesusaleon.com\/index.php?rest_route=%2Fwp%2Fv2%2Fmedia&parent=57"}],"curies":[{"name":"wp","href":"https:\/\/api.w.org\/{rel}","templated":true}]}}